{"id":2449,"date":"2023-07-02T03:52:14","date_gmt":"2023-07-02T03:52:14","guid":{"rendered":"https:\/\/oasiscotidiano.com\/?page_id=2449"},"modified":"2023-07-02T03:52:14","modified_gmt":"2023-07-02T03:52:14","slug":"politica-de-cookies","status":"publish","type":"page","link":"https:\/\/oasiscotidiano.com\/index.php\/politica-de-cookies\/","title":{"rendered":"Pol\u00edtica de Cookies"},"content":{"rendered":"\n<p>Esta Pol\u00edtica de Cookies explica c\u00f3mo utilizamos las cookies y otras tecnolog\u00edas similares en nuestro blog. Al utilizar nuestro blog, aceptas el uso de cookies de acuerdo con esta pol\u00edtica.<\/p>\n\n\n\n<p><strong>\u00bfQu\u00e9 son las cookies?<\/strong><\/p>\n\n\n\n<p>Las cookies son peque\u00f1os archivos de texto que se almacenan en tu dispositivo (por ejemplo, computadora, tableta o tel\u00e9fono m\u00f3vil) cuando visitas nuestro blog. Estas cookies nos permiten reconocerte y recordar tus preferencias durante tu visita y en futuras visitas.<\/p>\n\n\n\n<p><strong>\u00bfC\u00f3mo utilizamos las cookies?<\/strong><\/p>\n\n\n\n<p>Utilizamos cookies con diversos fines, que incluyen:<\/p>\n\n\n\n<ol class=\"wp-block-list\">\n<li>Funcionalidad: Utilizamos cookies para recordar tus preferencias y proporcionarte una experiencia personalizada en nuestro blog.<\/li>\n\n\n\n<li>Rendimiento y an\u00e1lisis: Utilizamos cookies para recopilar informaci\u00f3n sobre c\u00f3mo utilizas nuestro blog, incluidos los enlaces en los que haces clic, las p\u00e1ginas que visitas y cualquier error que puedas encontrar. Estas cookies nos ayudan a mejorar el rendimiento y la funcionalidad de nuestro blog.<\/li>\n\n\n\n<li>Publicidad: Podemos utilizar cookies para mostrarte anuncios personalizados basados en tus intereses y actividades de navegaci\u00f3n.<\/li>\n<\/ol>\n\n\n\n<p><strong>\u00bfQu\u00e9 tipos de cookies utilizamos?<\/strong><\/p>\n\n\n\n<ol class=\"wp-block-list\">\n<li>Cookies esenciales: Estas cookies son necesarias para que nuestro blog funcione correctamente. No recopilan informaci\u00f3n personal identificable.<\/li>\n\n\n\n<li>Cookies de rendimiento: Estas cookies recopilan informaci\u00f3n an\u00f3nima sobre c\u00f3mo utilizas nuestro blog. Nos ayudan a mejorar la funcionalidad y el rendimiento del sitio.<\/li>\n\n\n\n<li>Cookies de funcionalidad: Estas cookies permiten que nuestro blog recuerde tus preferencias y te brinden una experiencia personalizada.<\/li>\n\n\n\n<li>Cookies de publicidad: Estas cookies se utilizan para mostrar anuncios relevantes para ti y tus intereses. Tambi\u00e9n pueden limitar la frecuencia con la que ves un anuncio y ayudarnos a medir la efectividad de nuestras campa\u00f1as publicitarias.<\/li>\n<\/ol>\n\n\n\n<p><strong>\u00bfC\u00f3mo puedes controlar las cookies?<\/strong><\/p>\n\n\n\n<p>Puedes controlar y administrar las cookies en tu navegador. Ten en cuenta que bloquear o eliminar cookies puede afectar tu experiencia de navegaci\u00f3n y algunas funciones de nuestro blog pueden no estar disponibles.<\/p>\n\n\n\n<p>Si deseas obtener m\u00e1s informaci\u00f3n sobre las cookies y c\u00f3mo administrarlas, visita <a href=\"http:\/\/www.allaboutcookies.org\/\">www.allaboutcookies.org<\/a>.<\/p>\n","protected":false},"excerpt":{"rendered":"<p>Esta Pol\u00edtica de Cookies explica c\u00f3mo utilizamos las cookies y otras tecnolog\u00edas similares en nuestro blog. Al utilizar nuestro blog, aceptas el uso de cookies de acuerdo con esta pol\u00edtica. \u00bfQu\u00e9 son las cookies? Las cookies son peque\u00f1os archivos de texto que se almacenan en tu dispositivo (por ejemplo, computadora, tableta o tel\u00e9fono m\u00f3vil) cuando [&hellip;]<\/p>\n","protected":false},"author":1,"featured_media":0,"parent":0,"menu_order":0,"comment_status":"closed","ping_status":"closed","template":"","meta":{"om_disable_all_campaigns":false,"footnotes":""},"class_list":["post-2449","page","type-page","status-publish","hentry"],"aioseo_notices":[],"_links":{"self":[{"href":"https:\/\/oasiscotidiano.com\/index.php\/wp-json\/wp\/v2\/pages\/2449","targetHints":{"allow":["GET"]}}],"collection":[{"href":"https:\/\/oasiscotidiano.com\/index.php\/wp-json\/wp\/v2\/pages"}],"about":[{"href":"https:\/\/oasiscotidiano.com\/index.php\/wp-json\/wp\/v2\/types\/page"}],"author":[{"embeddable":true,"href":"https:\/\/oasiscotidiano.com\/index.php\/wp-json\/wp\/v2\/users\/1"}],"replies":[{"embeddable":true,"href":"https:\/\/oasiscotidiano.com\/index.php\/wp-json\/wp\/v2\/comments?post=2449"}],"version-history":[{"count":1,"href":"https:\/\/oasiscotidiano.com\/index.php\/wp-json\/wp\/v2\/pages\/2449\/revisions"}],"predecessor-version":[{"id":2450,"href":"https:\/\/oasiscotidiano.com\/index.php\/wp-json\/wp\/v2\/pages\/2449\/revisions\/2450"}],"wp:attachment":[{"href":"https:\/\/oasiscotidiano.com\/index.php\/wp-json\/wp\/v2\/media?parent=2449"}],"curies":[{"name":"wp","href":"https:\/\/api.w.org\/{rel}","templated":true}]}}