{"id":2453,"date":"2023-07-02T04:07:03","date_gmt":"2023-07-02T04:07:03","guid":{"rendered":"https:\/\/oasiscotidiano.com\/?page_id=2453"},"modified":"2023-07-02T04:07:03","modified_gmt":"2023-07-02T04:07:03","slug":"terminos-y-condiciones","status":"publish","type":"page","link":"https:\/\/oasiscotidiano.com\/index.php\/terminos-y-condiciones\/","title":{"rendered":"T\u00e9rminos y Condiciones"},"content":{"rendered":"\n<p>Bienvenido(a) a Oasis Cotidiano. Estos T\u00e9rminos y Condiciones rigen el uso de nuestro blog. Al acceder y utilizar nuestro blog, aceptas cumplir con estos t\u00e9rminos en su totalidad. Si no est\u00e1s de acuerdo con alguno de los siguientes t\u00e9rminos, te solicitamos que no utilices nuestro blog.<\/p>\n\n\n\n<ol class=\"wp-block-list\">\n<li>Propiedad Intelectual: Todo el contenido disponible en Oasis Cotidiano, incluyendo textos, im\u00e1genes, gr\u00e1ficos, logotipos y cualquier otro material, est\u00e1 protegido por derechos de autor y otros derechos de propiedad intelectual. No est\u00e1 permitida la reproducci\u00f3n, distribuci\u00f3n, modificaci\u00f3n o uso no autorizado de dicho contenido sin nuestro consentimiento expreso por escrito. Somos cuidadosos en otorgar los cr\u00e9ditos a material no creado por  Oasis Cotidiano.<\/li>\n\n\n\n<li>Uso Adecuado: Al utilizar nuestro blog, te comprometes a hacerlo de manera adecuada y cumplir con todas las leyes y regulaciones aplicables. No se permite publicar contenido ilegal, difamatorio, obsceno, ofensivo o que infrinja los derechos de terceros.<\/li>\n\n\n\n<li>Enlaces a Terceros: Nuestro blog puede incluir enlaces a sitios web de terceros que consideramos \u00fatiles o interesantes. Sin embargo, no tenemos control sobre el contenido o las pol\u00edticas de privacidad de estos sitios web externos, por lo que no asumimos responsabilidad alguna por ellos.<\/li>\n\n\n\n<li>Responsabilidad: Si bien nos esforzamos por proporcionar informaci\u00f3n precisa y actualizada, no garantizamos la precisi\u00f3n, integridad o actualidad del contenido de nuestro blog. No seremos responsables por cualquier da\u00f1o o p\u00e9rdida que pueda surgir del uso de nuestro blog o la confianza en su contenido.<\/li>\n\n\n\n<li>Modificaciones: Nos reservamos el derecho de modificar, suspender o interrumpir el acceso a nuestro blog en cualquier momento y sin previo aviso. Tambi\u00e9n podemos actualizar o modificar estos T\u00e9rminos y Condiciones en cualquier momento. Te recomendamos revisar esta p\u00e1gina peri\u00f3dicamente para estar al tanto de los cambios.<\/li>\n\n\n\n<li>Privacidad: Nuestra Pol\u00edtica de Privacidad describe c\u00f3mo recopilamos, utilizamos y protegemos tu informaci\u00f3n personal. Al utilizar nuestro blog, aceptas nuestras pr\u00e1cticas de privacidad de acuerdo con dicha pol\u00edtica.<\/li>\n\n\n\n<li>Legislaci\u00f3n Aplicable: Estos T\u00e9rminos y Condiciones se rigen e interpretan de acuerdo con las leyes de M\u00e9xico. Cualquier disputa relacionada con estos t\u00e9rminos estar\u00e1 sujeta a la jurisdicci\u00f3n exclusiva de los tribunales mexicanos.<\/li>\n<\/ol>\n\n\n\n<p>Si tienes alguna pregunta o inquietud sobre estos T\u00e9rminos y Condiciones, por favor cont\u00e1ctanos a: <strong>Hola@oasiscotidiano.com<\/strong><\/p>\n\n\n\n<p><\/p>\n","protected":false},"excerpt":{"rendered":"<p>Bienvenido(a) a Oasis Cotidiano. Estos T\u00e9rminos y Condiciones rigen el uso de nuestro blog. Al acceder y utilizar nuestro blog, aceptas cumplir con estos t\u00e9rminos en su totalidad. Si no est\u00e1s de acuerdo con alguno de los siguientes t\u00e9rminos, te solicitamos que no utilices nuestro blog. Si tienes alguna pregunta o inquietud sobre estos T\u00e9rminos [&hellip;]<\/p>\n","protected":false},"author":1,"featured_media":0,"parent":0,"menu_order":0,"comment_status":"closed","ping_status":"closed","template":"","meta":{"om_disable_all_campaigns":false,"footnotes":""},"class_list":["post-2453","page","type-page","status-publish","hentry"],"aioseo_notices":[],"_links":{"self":[{"href":"https:\/\/oasiscotidiano.com\/index.php\/wp-json\/wp\/v2\/pages\/2453","targetHints":{"allow":["GET"]}}],"collection":[{"href":"https:\/\/oasiscotidiano.com\/index.php\/wp-json\/wp\/v2\/pages"}],"about":[{"href":"https:\/\/oasiscotidiano.com\/index.php\/wp-json\/wp\/v2\/types\/page"}],"author":[{"embeddable":true,"href":"https:\/\/oasiscotidiano.com\/index.php\/wp-json\/wp\/v2\/users\/1"}],"replies":[{"embeddable":true,"href":"https:\/\/oasiscotidiano.com\/index.php\/wp-json\/wp\/v2\/comments?post=2453"}],"version-history":[{"count":1,"href":"https:\/\/oasiscotidiano.com\/index.php\/wp-json\/wp\/v2\/pages\/2453\/revisions"}],"predecessor-version":[{"id":2454,"href":"https:\/\/oasiscotidiano.com\/index.php\/wp-json\/wp\/v2\/pages\/2453\/revisions\/2454"}],"wp:attachment":[{"href":"https:\/\/oasiscotidiano.com\/index.php\/wp-json\/wp\/v2\/media?parent=2453"}],"curies":[{"name":"wp","href":"https:\/\/api.w.org\/{rel}","templated":true}]}}