{"id":2455,"date":"2023-07-02T04:14:14","date_gmt":"2023-07-02T04:14:14","guid":{"rendered":"https:\/\/oasiscotidiano.com\/?page_id=2455"},"modified":"2023-07-02T04:14:15","modified_gmt":"2023-07-02T04:14:15","slug":"en-construccion","status":"publish","type":"page","link":"https:\/\/oasiscotidiano.com\/index.php\/en-construccion\/","title":{"rendered":"En Construcci\u00f3n&#8230;"},"content":{"rendered":"\n<p><strong>\u00a1Gracias por tu inter\u00e9s!<\/strong> Estamos emocionados de estar construyendo algo especial para ti. Pronto tendr\u00e1s acceso a un sitio web completamente renovado y lleno de contenido incre\u00edble. <strong>\u00a1Mantente atento(a) a las actualizaciones!<\/strong><\/p>\n\n\n\n<p>Si tienes alguna pregunta, inquietud o solicitud relacionada con esta secci\u00f3n cont\u00e1ctanos a: <strong>Hola@oasiscotidiano.com<\/strong><\/p>\n\n\n\n<p><\/p>\n","protected":false},"excerpt":{"rendered":"<p>\u00a1Gracias por tu inter\u00e9s! Estamos emocionados de estar construyendo algo especial para ti. Pronto tendr\u00e1s acceso a un sitio web completamente renovado y lleno de contenido incre\u00edble. \u00a1Mantente atento(a) a las actualizaciones! Si tienes alguna pregunta, inquietud o solicitud relacionada con esta secci\u00f3n cont\u00e1ctanos a: Hola@oasiscotidiano.com<\/p>\n","protected":false},"author":1,"featured_media":0,"parent":0,"menu_order":0,"comment_status":"closed","ping_status":"closed","template":"","meta":{"om_disable_all_campaigns":false,"footnotes":""},"class_list":["post-2455","page","type-page","status-publish","hentry"],"aioseo_notices":[],"_links":{"self":[{"href":"https:\/\/oasiscotidiano.com\/index.php\/wp-json\/wp\/v2\/pages\/2455","targetHints":{"allow":["GET"]}}],"collection":[{"href":"https:\/\/oasiscotidiano.com\/index.php\/wp-json\/wp\/v2\/pages"}],"about":[{"href":"https:\/\/oasiscotidiano.com\/index.php\/wp-json\/wp\/v2\/types\/page"}],"author":[{"embeddable":true,"href":"https:\/\/oasiscotidiano.com\/index.php\/wp-json\/wp\/v2\/users\/1"}],"replies":[{"embeddable":true,"href":"https:\/\/oasiscotidiano.com\/index.php\/wp-json\/wp\/v2\/comments?post=2455"}],"version-history":[{"count":1,"href":"https:\/\/oasiscotidiano.com\/index.php\/wp-json\/wp\/v2\/pages\/2455\/revisions"}],"predecessor-version":[{"id":2456,"href":"https:\/\/oasiscotidiano.com\/index.php\/wp-json\/wp\/v2\/pages\/2455\/revisions\/2456"}],"wp:attachment":[{"href":"https:\/\/oasiscotidiano.com\/index.php\/wp-json\/wp\/v2\/media?parent=2455"}],"curies":[{"name":"wp","href":"https:\/\/api.w.org\/{rel}","templated":true}]}}